{"id":13528,"date":"2017-11-21T19:15:51","date_gmt":"2017-11-21T17:15:51","guid":{"rendered":"http:\/\/carrete-finestres.com\/producte\/puertas-entrada\/"},"modified":"2024-03-22T17:27:58","modified_gmt":"2024-03-22T15:27:58","slug":"portes-entrada","status":"publish","type":"product","link":"https:\/\/www.carrete-finestres.com\/ca\/producte\/portes-entrada\/","title":{"rendered":"Portes d&#8217;entrada"},"content":{"rendered":"<div style=\"display: none;\"\n    class=\"kk-star-ratings kksr-valign-top kksr-align-left \"\n    data-id=\"13528\"\n    data-slug=\"\">\n    <div class=\"kksr-stars\">\n    <div class=\"kksr-stars-inactive\">\n            <div class=\"kksr-star\" data-star=\"1\">\n            <div class=\"kksr-icon\" style=\"width: 22px; height: 22px;\"><\/div>\n        <\/div>\n            <div class=\"kksr-star\" data-star=\"2\">\n            <div class=\"kksr-icon\" style=\"width: 22px; height: 22px;\"><\/div>\n        <\/div>\n            <div class=\"kksr-star\" data-star=\"3\">\n            <div class=\"kksr-icon\" style=\"width: 22px; height: 22px;\"><\/div>\n        <\/div>\n            <div class=\"kksr-star\" data-star=\"4\">\n            <div class=\"kksr-icon\" style=\"width: 22px; height: 22px;\"><\/div>\n        <\/div>\n            <div class=\"kksr-star\" data-star=\"5\">\n            <div class=\"kksr-icon\" style=\"width: 22px; height: 22px;\"><\/div>\n        <\/div>\n    <\/div>\n    <div class=\"kksr-stars-active\" style=\"width: 84.6px;\">\n            <div class=\"kksr-star\">\n            <div class=\"kksr-icon\" style=\"width: 22px; height: 22px;\"><\/div>\n        <\/div>\n            <div class=\"kksr-star\">\n            <div class=\"kksr-icon\" style=\"width: 22px; height: 22px;\"><\/div>\n        <\/div>\n            <div class=\"kksr-star\">\n            <div class=\"kksr-icon\" style=\"width: 22px; height: 22px;\"><\/div>\n        <\/div>\n            <div class=\"kksr-star\">\n            <div class=\"kksr-icon\" style=\"width: 22px; height: 22px;\"><\/div>\n        <\/div>\n            <div class=\"kksr-star\">\n            <div class=\"kksr-icon\" style=\"width: 22px; height: 22px;\"><\/div>\n        <\/div>\n    <\/div>\n<\/div>\n    <div class=\"kksr-legend\">\n            <strong class=\"kksr-score\">3.3<\/strong>\n        <span class=\"kksr-muted\">\/<\/span>\n        <strong>5<\/strong>\n        <span class=\"kksr-muted\">(<\/span>\n        <strong class=\"kksr-count\">29<\/strong>\n        <span class=\"kksr-muted\">\n            votes        <\/span>\n        <span class=\"kksr-muted\">)<\/span>\n    <\/div>\n<\/div>\n[vc_row css=&#8221;.vc_custom_1511176574753{margin-bottom: 20px !important;}&#8221;][vc_column width=&#8221;1\/2&#8243;][vc_column_text]\n<h2>Fabricants de portes d&#8217;entrada<\/h2>\n[\/vc_column_text][vc_separator color=&#8221;custom&#8221; border_width=&#8221;2&#8243; accent_color=&#8221;#dd3333&#8243; css=&#8221;.vc_custom_1511181543888{margin-top: -2% !important;}&#8221;][vc_column_text]\n<div class=\"wpb_text_column wpb_content_element grey\">\n<div class=\"wpb_wrapper\">\n<p>Qualsevol petici\u00f3 o exig\u00e8ncia, del client o de l\u2019estudi d\u2019arquitectura, que ens sol \u00b7 liciti pot arribar fer-se realitat, fins i tot amb formes de dif\u00edcil execuci\u00f3, les portes de fusta que dissenyem i fabriquem, mantenen en tot moment un excel\u00b7lent resultat en efici\u00e8ncia energ\u00e8tica.<\/p>\n<p>&nbsp;<\/p>\n<\/div>\n<\/div>\n[\/vc_column_text][\/vc_column][vc_column width=&#8221;1\/2&#8243;][vc_video link=&#8221;https:\/\/youtu.be\/udlAN6FKb5A&#8221;][\/vc_column][\/vc_row][vc_row][vc_column][vc_column_text]\n<h3>El millor a\u00efllament sonor i t\u00e8rmic<\/h3>\n[\/vc_column_text][vc_separator color=&#8221;custom&#8221; border_width=&#8221;2&#8243; accent_color=&#8221;#dd3333&#8243; css=&#8221;.vc_custom_1511179098192{margin-top: -4% !important;}&#8221;][vc_row_inner][vc_column_inner width=&#8221;1\/2&#8243;][vc_single_image image=&#8221;7728&#8243; img_size=&#8221;full&#8221;][\/vc_column_inner][vc_column_inner width=&#8221;1\/2&#8243;][vc_column_text]\n<div class=\"wpb_text_column wpb_content_element grey\">\n<div class=\"wpb_wrapper\">\n<p>L\u2019a\u00efllament sonor i t\u00e8rmic queda en mans de l\u2019a\u00efllament en porexpan d\u2019alta densitat a l\u2019interior en aquelles fulles cegues, combinat amb les juntes de goma amb interior d\u2019espuma i els talla-aires en la part inferior. Est\u00e8ticament adaptem la porta al conjunt decoratiu de la llar, podent incorporar diferents materials\u00a0que\u00a0determinaran l\u2019est\u00e8tica i el manteniment necessari per a una bona conservaci\u00f3 de la porta.<\/p>\n<\/div>\n<\/div>\n[\/vc_column_text][\/vc_column_inner][\/vc_row_inner][\/vc_column][\/vc_row][vc_row][vc_column width=&#8221;1\/2&#8243;][vc_column_text]\n<div class=\"wpb_text_column wpb_content_element grey\">\n<div class=\"wpb_wrapper\">\n<h3>Portes de m\u00e0xima seguretat i est\u00e8tica<\/h3>\n<\/div>\n<\/div>\n[\/vc_column_text][vc_separator color=&#8221;custom&#8221; border_width=&#8221;2&#8243; accent_color=&#8221;#dd3333&#8243; css=&#8221;.vc_custom_1511179168266{margin-top: -4% !important;}&#8221;][vc_column_text]\n<div class=\"wpb_text_column wpb_content_element grey\">\n<div class=\"wpb_wrapper\">\n<p>Per aconseguir una porta segura confiem en els panys de 3 punts amb bombins amb claus de de punts que combinats amb les frontises de seguretat creen un tancament de dif\u00edcil acc\u00e9s per a persones no desitjades. A aquests complements hi podem afegir una planxa d\u2019acer per blindar la fulla de la porta.<\/p>\n<\/div>\n<\/div>\n[\/vc_column_text][\/vc_column][vc_column width=&#8221;1\/2&#8243;][vc_single_image image=&#8221;7726&#8243; img_size=&#8221;full&#8221;][vc_single_image image=&#8221;7726&#8243; img_size=&#8221;full&#8221;][\/vc_column][\/vc_row][vc_row css=&#8221;.vc_custom_1511515065923{margin-top: 3% !important;}&#8221;][vc_column width=&#8221;1\/2&#8243;][vc_single_image image=&#8221;7736&#8243; img_size=&#8221;full&#8221;][vc_single_image image=&#8221;7732&#8243; img_size=&#8221;full&#8221;][vc_single_image image=&#8221;8287&#8243; img_size=&#8221;full&#8221;][vc_single_image image=&#8221;7416&#8243; img_size=&#8221;full&#8221;][vc_single_image image=&#8221;7420&#8243; img_size=&#8221;full&#8221;][\/vc_column][vc_column width=&#8221;1\/2&#8243;][vc_single_image image=&#8221;7674&#8243; img_size=&#8221;full&#8221;][vc_single_image image=&#8221;7694&#8243; img_size=&#8221;full&#8221;][vc_single_image image=&#8221;7087&#8243; img_size=&#8221;full&#8221;][vc_single_image image=&#8221;7073&#8243; img_size=&#8221;full&#8221;][\/vc_column][\/vc_row]\n","protected":false},"excerpt":{"rendered":"<div class=\"wpb_text_column wpb_content_element grey\">\n<div>[kkstarratings]<\/div>\n<div class=\"wpb_wrapper\"><span id=\"result_box\" class=\"\" lang=\"ca\" tabindex=\"-1\">Les portes de fusta que dissenyem i fabriquem, mantenen en tot moment un excel\u00b7lent resultat en efici\u00e8ncia energ\u00e8tica, gr\u00e0cies a l&#8217;execuci\u00f3 del disseny en la nostra pr\u00f2pia empresa, en Carret\u00e9 Finestres, la fabricaci\u00f3 i el seguiment del mateix i la qualitat de tots els materials utilitzats .<\/span><\/div>\n<\/div>\n","protected":false},"featured_media":17735,"template":"","meta":{"inline_featured_image":false},"amp_validity":null,"amp_enabled":true,"_links":{"self":[{"href":"https:\/\/www.carrete-finestres.com\/ca\/wp-json\/wp\/v2\/product\/13528"}],"collection":[{"href":"https:\/\/www.carrete-finestres.com\/ca\/wp-json\/wp\/v2\/product"}],"about":[{"href":"https:\/\/www.carrete-finestres.com\/ca\/wp-json\/wp\/v2\/types\/product"}],"wp:featuredmedia":[{"embeddable":true,"href":"https:\/\/www.carrete-finestres.com\/ca\/wp-json\/wp\/v2\/media\/17735"}],"wp:attachment":[{"href":"https:\/\/www.carrete-finestres.com\/ca\/wp-json\/wp\/v2\/media?parent=13528"}],"curies":[{"name":"wp","href":"https:\/\/api.w.org\/{rel}","templated":true}]}}